{"id":1117,"date":"2025-05-05T19:48:28","date_gmt":"2025-05-05T19:48:28","guid":{"rendered":"https:\/\/laflesche.com\/product-development\/"},"modified":"2025-06-13T15:53:31","modified_gmt":"2025-06-13T15:53:31","slug":"developpement-produits","status":"publish","type":"page","link":"https:\/\/laflesche.com\/fr\/developpement-produits\/","title":{"rendered":"D\u00e9veloppement de produits"},"content":{"rendered":"","protected":false},"excerpt":{"rendered":"","protected":false},"author":1,"featured_media":1436,"parent":0,"menu_order":0,"comment_status":"closed","ping_status":"closed","template":"page-templates\/page-services.php","meta":{"_acf_changed":false,"footnotes":""},"class_list":["post-1117","page","type-page","status-publish","has-post-thumbnail","hentry"],"acf":[],"yoast_head":"<!-- This site is optimized with the Yoast SEO plugin v24.8.1 - https:\/\/yoast.com\/wordpress\/plugins\/seo\/ -->\n<title>D\u00e9veloppement de produits - LaFlesche<\/title>\n<meta name=\"description\" content=\"Chez LaFlesche, le d\u00e9veloppement de produits est l&#039;endroit o\u00f9 l&#039;ing\u00e9nierie de pr\u00e9cision rencontre la fabrication pratique\" \/>\n<meta name=\"robots\" content=\"index, follow, max-snippet:-1, max-image-preview:large, max-video-preview:-1\" \/>\n<link rel=\"canonical\" href=\"https:\/\/laflesche.com\/fr\/developpement-produits\/\" \/>\n<meta property=\"og:locale\" content=\"fr_CA\" \/>\n<meta property=\"og:type\" content=\"article\" \/>\n<meta property=\"og:title\" content=\"D\u00e9veloppement de produits - LaFlesche\" \/>\n<meta property=\"og:description\" content=\"Chez LaFlesche, le d\u00e9veloppement de produits est l&#039;endroit o\u00f9 l&#039;ing\u00e9nierie de pr\u00e9cision rencontre la fabrication pratique\" \/>\n<meta property=\"og:url\" content=\"https:\/\/laflesche.com\/fr\/developpement-produits\/\" \/>\n<meta property=\"og:site_name\" content=\"LaFlesche\" \/>\n<meta property=\"article:modified_time\" content=\"2025-06-13T15:53:31+00:00\" \/>\n<meta property=\"og:image\" content=\"https:\/\/laflesche.com\/wp-content\/uploads\/2025\/05\/laflesche-product-development-1.jpg\" \/>\n\t<meta property=\"og:image:width\" content=\"1920\" \/>\n\t<meta property=\"og:image:height\" content=\"1080\" \/>\n\t<meta property=\"og:image:type\" content=\"image\/jpeg\" \/>\n<meta name=\"twitter:card\" content=\"summary_large_image\" \/>\n<meta name=\"twitter:label1\" content=\"Estimation du temps de lecture\" \/>\n\t<meta name=\"twitter:data1\" content=\"7 minutes\" \/>\n<script type=\"application\/ld+json\" class=\"yoast-schema-graph\">{\"@context\":\"https:\/\/schema.org\",\"@graph\":[{\"@type\":\"WebPage\",\"@id\":\"https:\/\/laflesche.com\/fr\/developpement-produits\/\",\"url\":\"https:\/\/laflesche.com\/fr\/developpement-produits\/\",\"name\":\"D\u00e9veloppement de produits - LaFlesche\",\"isPartOf\":{\"@id\":\"https:\/\/laflesche.com\/fr\/#website\"},\"primaryImageOfPage\":{\"@id\":\"https:\/\/laflesche.com\/fr\/developpement-produits\/#primaryimage\"},\"image\":{\"@id\":\"https:\/\/laflesche.com\/fr\/developpement-produits\/#primaryimage\"},\"thumbnailUrl\":\"https:\/\/laflesche.com\/wp-content\/uploads\/2025\/05\/laflesche-product-development-1.jpg\",\"datePublished\":\"2025-05-05T19:48:28+00:00\",\"dateModified\":\"2025-06-13T15:53:31+00:00\",\"description\":\"Chez LaFlesche, le d\u00e9veloppement de produits est l'endroit o\u00f9 l'ing\u00e9nierie de pr\u00e9cision rencontre la fabrication pratique\",\"breadcrumb\":{\"@id\":\"https:\/\/laflesche.com\/fr\/developpement-produits\/#breadcrumb\"},\"inLanguage\":\"fr-CA\",\"potentialAction\":[{\"@type\":\"ReadAction\",\"target\":[\"https:\/\/laflesche.com\/fr\/developpement-produits\/\"]}]},{\"@type\":\"ImageObject\",\"inLanguage\":\"fr-CA\",\"@id\":\"https:\/\/laflesche.com\/fr\/developpement-produits\/#primaryimage\",\"url\":\"https:\/\/laflesche.com\/wp-content\/uploads\/2025\/05\/laflesche-product-development-1.jpg\",\"contentUrl\":\"https:\/\/laflesche.com\/wp-content\/uploads\/2025\/05\/laflesche-product-development-1.jpg\",\"width\":1920,\"height\":1080,\"caption\":\"d\u00e9veloppement de produits\"},{\"@type\":\"BreadcrumbList\",\"@id\":\"https:\/\/laflesche.com\/fr\/developpement-produits\/#breadcrumb\",\"itemListElement\":[{\"@type\":\"ListItem\",\"position\":1,\"name\":\"Home\",\"item\":\"https:\/\/laflesche.com\/fr\/\"},{\"@type\":\"ListItem\",\"position\":2,\"name\":\"D\u00e9veloppement de produits\"}]},{\"@type\":\"WebSite\",\"@id\":\"https:\/\/laflesche.com\/fr\/#website\",\"url\":\"https:\/\/laflesche.com\/fr\/\",\"name\":\"LaFlesche\",\"description\":\"LaFlesche\",\"potentialAction\":[{\"@type\":\"SearchAction\",\"target\":{\"@type\":\"EntryPoint\",\"urlTemplate\":\"https:\/\/laflesche.com\/fr\/?s={search_term_string}\"},\"query-input\":{\"@type\":\"PropertyValueSpecification\",\"valueRequired\":true,\"valueName\":\"search_term_string\"}}],\"inLanguage\":\"fr-CA\"}]}<\/script>\n<!-- \/ Yoast SEO plugin. -->","yoast_head_json":{"title":"D\u00e9veloppement de produits - LaFlesche","description":"Chez LaFlesche, le d\u00e9veloppement de produits est l'endroit o\u00f9 l'ing\u00e9nierie de pr\u00e9cision rencontre la fabrication pratique","robots":{"index":"index","follow":"follow","max-snippet":"max-snippet:-1","max-image-preview":"max-image-preview:large","max-video-preview":"max-video-preview:-1"},"canonical":"https:\/\/laflesche.com\/fr\/developpement-produits\/","og_locale":"fr_CA","og_type":"article","og_title":"D\u00e9veloppement de produits - LaFlesche","og_description":"Chez LaFlesche, le d\u00e9veloppement de produits est l'endroit o\u00f9 l'ing\u00e9nierie de pr\u00e9cision rencontre la fabrication pratique","og_url":"https:\/\/laflesche.com\/fr\/developpement-produits\/","og_site_name":"LaFlesche","article_modified_time":"2025-06-13T15:53:31+00:00","og_image":[{"width":1920,"height":1080,"url":"https:\/\/laflesche.com\/wp-content\/uploads\/2025\/05\/laflesche-product-development-1.jpg","type":"image\/jpeg"}],"twitter_card":"summary_large_image","twitter_misc":{"Estimation du temps de lecture":"7 minutes"},"schema":{"@context":"https:\/\/schema.org","@graph":[{"@type":"WebPage","@id":"https:\/\/laflesche.com\/fr\/developpement-produits\/","url":"https:\/\/laflesche.com\/fr\/developpement-produits\/","name":"D\u00e9veloppement de produits - LaFlesche","isPartOf":{"@id":"https:\/\/laflesche.com\/fr\/#website"},"primaryImageOfPage":{"@id":"https:\/\/laflesche.com\/fr\/developpement-produits\/#primaryimage"},"image":{"@id":"https:\/\/laflesche.com\/fr\/developpement-produits\/#primaryimage"},"thumbnailUrl":"https:\/\/laflesche.com\/wp-content\/uploads\/2025\/05\/laflesche-product-development-1.jpg","datePublished":"2025-05-05T19:48:28+00:00","dateModified":"2025-06-13T15:53:31+00:00","description":"Chez LaFlesche, le d\u00e9veloppement de produits est l'endroit o\u00f9 l'ing\u00e9nierie de pr\u00e9cision rencontre la fabrication pratique","breadcrumb":{"@id":"https:\/\/laflesche.com\/fr\/developpement-produits\/#breadcrumb"},"inLanguage":"fr-CA","potentialAction":[{"@type":"ReadAction","target":["https:\/\/laflesche.com\/fr\/developpement-produits\/"]}]},{"@type":"ImageObject","inLanguage":"fr-CA","@id":"https:\/\/laflesche.com\/fr\/developpement-produits\/#primaryimage","url":"https:\/\/laflesche.com\/wp-content\/uploads\/2025\/05\/laflesche-product-development-1.jpg","contentUrl":"https:\/\/laflesche.com\/wp-content\/uploads\/2025\/05\/laflesche-product-development-1.jpg","width":1920,"height":1080,"caption":"d\u00e9veloppement de produits"},{"@type":"BreadcrumbList","@id":"https:\/\/laflesche.com\/fr\/developpement-produits\/#breadcrumb","itemListElement":[{"@type":"ListItem","position":1,"name":"Home","item":"https:\/\/laflesche.com\/fr\/"},{"@type":"ListItem","position":2,"name":"D\u00e9veloppement de produits"}]},{"@type":"WebSite","@id":"https:\/\/laflesche.com\/fr\/#website","url":"https:\/\/laflesche.com\/fr\/","name":"LaFlesche","description":"LaFlesche","potentialAction":[{"@type":"SearchAction","target":{"@type":"EntryPoint","urlTemplate":"https:\/\/laflesche.com\/fr\/?s={search_term_string}"},"query-input":{"@type":"PropertyValueSpecification","valueRequired":true,"valueName":"search_term_string"}}],"inLanguage":"fr-CA"}]}},"_links":{"self":[{"href":"https:\/\/laflesche.com\/fr\/wp-json\/wp\/v2\/pages\/1117","targetHints":{"allow":["GET"]}}],"collection":[{"href":"https:\/\/laflesche.com\/fr\/wp-json\/wp\/v2\/pages"}],"about":[{"href":"https:\/\/laflesche.com\/fr\/wp-json\/wp\/v2\/types\/page"}],"author":[{"embeddable":true,"href":"https:\/\/laflesche.com\/fr\/wp-json\/wp\/v2\/users\/1"}],"replies":[{"embeddable":true,"href":"https:\/\/laflesche.com\/fr\/wp-json\/wp\/v2\/comments?post=1117"}],"version-history":[{"count":17,"href":"https:\/\/laflesche.com\/fr\/wp-json\/wp\/v2\/pages\/1117\/revisions"}],"predecessor-version":[{"id":1817,"href":"https:\/\/laflesche.com\/fr\/wp-json\/wp\/v2\/pages\/1117\/revisions\/1817"}],"wp:featuredmedia":[{"embeddable":true,"href":"https:\/\/laflesche.com\/fr\/wp-json\/wp\/v2\/media\/1436"}],"wp:attachment":[{"href":"https:\/\/laflesche.com\/fr\/wp-json\/wp\/v2\/media?parent=1117"}],"curies":[{"name":"wp","href":"https:\/\/api.w.org\/{rel}","templated":true}]}}