{"id":1113,"date":"2025-04-28T18:31:18","date_gmt":"2025-04-28T18:31:18","guid":{"rendered":"https:\/\/laflesche.com\/injection-molding\/"},"modified":"2025-07-08T14:47:20","modified_gmt":"2025-07-08T14:47:20","slug":"plastiques-moules-injection","status":"publish","type":"page","link":"https:\/\/laflesche.com\/fr\/plastiques-moules-injection\/","title":{"rendered":"Plastiques moul\u00e9s par injection"},"content":{"rendered":"","protected":false},"excerpt":{"rendered":"","protected":false},"author":1,"featured_media":1427,"parent":0,"menu_order":0,"comment_status":"closed","ping_status":"closed","template":"page-templates\/page-services.php","meta":{"_acf_changed":false,"footnotes":""},"class_list":["post-1113","page","type-page","status-publish","has-post-thumbnail","hentry"],"acf":[],"yoast_head":"<!-- This site is optimized with the Yoast SEO plugin v24.8.1 - https:\/\/yoast.com\/wordpress\/plugins\/seo\/ -->\n<title>Plastiques moul\u00e9s par injection - LaFlesche<\/title>\n<meta name=\"description\" content=\"Plastiques moul\u00e9s par injection : chez LaFlesche, nous fabriquons des pi\u00e8ces de pr\u00e9cision, con\u00e7ues, moul\u00e9es et livr\u00e9es avec soin\" \/>\n<meta name=\"robots\" content=\"index, follow, max-snippet:-1, max-image-preview:large, max-video-preview:-1\" \/>\n<link rel=\"canonical\" href=\"https:\/\/laflesche.com\/fr\/plastiques-moules-injection\/\" \/>\n<meta property=\"og:locale\" content=\"fr_CA\" \/>\n<meta property=\"og:type\" content=\"article\" \/>\n<meta property=\"og:title\" content=\"Plastiques moul\u00e9s par injection - LaFlesche\" \/>\n<meta property=\"og:description\" content=\"Plastiques moul\u00e9s par injection : chez LaFlesche, nous fabriquons des pi\u00e8ces de pr\u00e9cision, con\u00e7ues, moul\u00e9es et livr\u00e9es avec soin\" \/>\n<meta property=\"og:url\" content=\"https:\/\/laflesche.com\/fr\/plastiques-moules-injection\/\" \/>\n<meta property=\"og:site_name\" content=\"LaFlesche\" \/>\n<meta property=\"article:modified_time\" content=\"2025-07-08T14:47:20+00:00\" \/>\n<meta property=\"og:image\" content=\"https:\/\/laflesche.com\/wp-content\/uploads\/2025\/05\/Screenshot-2025-05-22-at-11.54.20-AM-1024x546.png\" \/>\n\t<meta property=\"og:image:width\" content=\"1024\" \/>\n\t<meta property=\"og:image:height\" content=\"546\" \/>\n\t<meta property=\"og:image:type\" content=\"image\/png\" \/>\n<meta name=\"twitter:card\" content=\"summary_large_image\" \/>\n<meta name=\"twitter:label1\" content=\"Estimation du temps de lecture\" \/>\n\t<meta name=\"twitter:data1\" content=\"7 minutes\" \/>\n<script type=\"application\/ld+json\" class=\"yoast-schema-graph\">{\"@context\":\"https:\/\/schema.org\",\"@graph\":[{\"@type\":\"WebPage\",\"@id\":\"https:\/\/laflesche.com\/fr\/plastiques-moules-injection\/\",\"url\":\"https:\/\/laflesche.com\/fr\/plastiques-moules-injection\/\",\"name\":\"Plastiques moul\u00e9s par injection - LaFlesche\",\"isPartOf\":{\"@id\":\"https:\/\/laflesche.com\/fr\/#website\"},\"primaryImageOfPage\":{\"@id\":\"https:\/\/laflesche.com\/fr\/plastiques-moules-injection\/#primaryimage\"},\"image\":{\"@id\":\"https:\/\/laflesche.com\/fr\/plastiques-moules-injection\/#primaryimage\"},\"thumbnailUrl\":\"https:\/\/laflesche.com\/wp-content\/uploads\/2025\/05\/Screenshot-2025-05-22-at-11.54.20-AM.png\",\"datePublished\":\"2025-04-28T18:31:18+00:00\",\"dateModified\":\"2025-07-08T14:47:20+00:00\",\"description\":\"Plastiques moul\u00e9s par injection : chez LaFlesche, nous fabriquons des pi\u00e8ces de pr\u00e9cision, con\u00e7ues, moul\u00e9es et livr\u00e9es avec soin\",\"breadcrumb\":{\"@id\":\"https:\/\/laflesche.com\/fr\/plastiques-moules-injection\/#breadcrumb\"},\"inLanguage\":\"fr-CA\",\"potentialAction\":[{\"@type\":\"ReadAction\",\"target\":[\"https:\/\/laflesche.com\/fr\/plastiques-moules-injection\/\"]}]},{\"@type\":\"ImageObject\",\"inLanguage\":\"fr-CA\",\"@id\":\"https:\/\/laflesche.com\/fr\/plastiques-moules-injection\/#primaryimage\",\"url\":\"https:\/\/laflesche.com\/wp-content\/uploads\/2025\/05\/Screenshot-2025-05-22-at-11.54.20-AM.png\",\"contentUrl\":\"https:\/\/laflesche.com\/wp-content\/uploads\/2025\/05\/Screenshot-2025-05-22-at-11.54.20-AM.png\",\"width\":4032,\"height\":2148},{\"@type\":\"BreadcrumbList\",\"@id\":\"https:\/\/laflesche.com\/fr\/plastiques-moules-injection\/#breadcrumb\",\"itemListElement\":[{\"@type\":\"ListItem\",\"position\":1,\"name\":\"Home\",\"item\":\"https:\/\/laflesche.com\/fr\/\"},{\"@type\":\"ListItem\",\"position\":2,\"name\":\"Plastiques moul\u00e9s par injection\"}]},{\"@type\":\"WebSite\",\"@id\":\"https:\/\/laflesche.com\/fr\/#website\",\"url\":\"https:\/\/laflesche.com\/fr\/\",\"name\":\"LaFlesche\",\"description\":\"LaFlesche\",\"potentialAction\":[{\"@type\":\"SearchAction\",\"target\":{\"@type\":\"EntryPoint\",\"urlTemplate\":\"https:\/\/laflesche.com\/fr\/?s={search_term_string}\"},\"query-input\":{\"@type\":\"PropertyValueSpecification\",\"valueRequired\":true,\"valueName\":\"search_term_string\"}}],\"inLanguage\":\"fr-CA\"}]}<\/script>\n<!-- \/ Yoast SEO plugin. -->","yoast_head_json":{"title":"Plastiques moul\u00e9s par injection - LaFlesche","description":"Plastiques moul\u00e9s par injection : chez LaFlesche, nous fabriquons des pi\u00e8ces de pr\u00e9cision, con\u00e7ues, moul\u00e9es et livr\u00e9es avec soin","robots":{"index":"index","follow":"follow","max-snippet":"max-snippet:-1","max-image-preview":"max-image-preview:large","max-video-preview":"max-video-preview:-1"},"canonical":"https:\/\/laflesche.com\/fr\/plastiques-moules-injection\/","og_locale":"fr_CA","og_type":"article","og_title":"Plastiques moul\u00e9s par injection - LaFlesche","og_description":"Plastiques moul\u00e9s par injection : chez LaFlesche, nous fabriquons des pi\u00e8ces de pr\u00e9cision, con\u00e7ues, moul\u00e9es et livr\u00e9es avec soin","og_url":"https:\/\/laflesche.com\/fr\/plastiques-moules-injection\/","og_site_name":"LaFlesche","article_modified_time":"2025-07-08T14:47:20+00:00","og_image":[{"width":1024,"height":546,"url":"https:\/\/laflesche.com\/wp-content\/uploads\/2025\/05\/Screenshot-2025-05-22-at-11.54.20-AM-1024x546.png","type":"image\/png"}],"twitter_card":"summary_large_image","twitter_misc":{"Estimation du temps de lecture":"7 minutes"},"schema":{"@context":"https:\/\/schema.org","@graph":[{"@type":"WebPage","@id":"https:\/\/laflesche.com\/fr\/plastiques-moules-injection\/","url":"https:\/\/laflesche.com\/fr\/plastiques-moules-injection\/","name":"Plastiques moul\u00e9s par injection - LaFlesche","isPartOf":{"@id":"https:\/\/laflesche.com\/fr\/#website"},"primaryImageOfPage":{"@id":"https:\/\/laflesche.com\/fr\/plastiques-moules-injection\/#primaryimage"},"image":{"@id":"https:\/\/laflesche.com\/fr\/plastiques-moules-injection\/#primaryimage"},"thumbnailUrl":"https:\/\/laflesche.com\/wp-content\/uploads\/2025\/05\/Screenshot-2025-05-22-at-11.54.20-AM.png","datePublished":"2025-04-28T18:31:18+00:00","dateModified":"2025-07-08T14:47:20+00:00","description":"Plastiques moul\u00e9s par injection : chez LaFlesche, nous fabriquons des pi\u00e8ces de pr\u00e9cision, con\u00e7ues, moul\u00e9es et livr\u00e9es avec soin","breadcrumb":{"@id":"https:\/\/laflesche.com\/fr\/plastiques-moules-injection\/#breadcrumb"},"inLanguage":"fr-CA","potentialAction":[{"@type":"ReadAction","target":["https:\/\/laflesche.com\/fr\/plastiques-moules-injection\/"]}]},{"@type":"ImageObject","inLanguage":"fr-CA","@id":"https:\/\/laflesche.com\/fr\/plastiques-moules-injection\/#primaryimage","url":"https:\/\/laflesche.com\/wp-content\/uploads\/2025\/05\/Screenshot-2025-05-22-at-11.54.20-AM.png","contentUrl":"https:\/\/laflesche.com\/wp-content\/uploads\/2025\/05\/Screenshot-2025-05-22-at-11.54.20-AM.png","width":4032,"height":2148},{"@type":"BreadcrumbList","@id":"https:\/\/laflesche.com\/fr\/plastiques-moules-injection\/#breadcrumb","itemListElement":[{"@type":"ListItem","position":1,"name":"Home","item":"https:\/\/laflesche.com\/fr\/"},{"@type":"ListItem","position":2,"name":"Plastiques moul\u00e9s par injection"}]},{"@type":"WebSite","@id":"https:\/\/laflesche.com\/fr\/#website","url":"https:\/\/laflesche.com\/fr\/","name":"LaFlesche","description":"LaFlesche","potentialAction":[{"@type":"SearchAction","target":{"@type":"EntryPoint","urlTemplate":"https:\/\/laflesche.com\/fr\/?s={search_term_string}"},"query-input":{"@type":"PropertyValueSpecification","valueRequired":true,"valueName":"search_term_string"}}],"inLanguage":"fr-CA"}]}},"_links":{"self":[{"href":"https:\/\/laflesche.com\/fr\/wp-json\/wp\/v2\/pages\/1113","targetHints":{"allow":["GET"]}}],"collection":[{"href":"https:\/\/laflesche.com\/fr\/wp-json\/wp\/v2\/pages"}],"about":[{"href":"https:\/\/laflesche.com\/fr\/wp-json\/wp\/v2\/types\/page"}],"author":[{"embeddable":true,"href":"https:\/\/laflesche.com\/fr\/wp-json\/wp\/v2\/users\/1"}],"replies":[{"embeddable":true,"href":"https:\/\/laflesche.com\/fr\/wp-json\/wp\/v2\/comments?post=1113"}],"version-history":[{"count":17,"href":"https:\/\/laflesche.com\/fr\/wp-json\/wp\/v2\/pages\/1113\/revisions"}],"predecessor-version":[{"id":1942,"href":"https:\/\/laflesche.com\/fr\/wp-json\/wp\/v2\/pages\/1113\/revisions\/1942"}],"wp:featuredmedia":[{"embeddable":true,"href":"https:\/\/laflesche.com\/fr\/wp-json\/wp\/v2\/media\/1427"}],"wp:attachment":[{"href":"https:\/\/laflesche.com\/fr\/wp-json\/wp\/v2\/media?parent=1113"}],"curies":[{"name":"wp","href":"https:\/\/api.w.org\/{rel}","templated":true}]}}