{"id":1111,"date":"2025-04-29T12:11:46","date_gmt":"2025-04-29T12:11:46","guid":{"rendered":"https:\/\/laflesche.com\/get-a-quote\/"},"modified":"2025-05-23T14:40:28","modified_gmt":"2025-05-23T14:40:28","slug":"demandez-soumission","status":"publish","type":"page","link":"https:\/\/laflesche.com\/fr\/demandez-soumission\/","title":{"rendered":"Soumission"},"content":{"rendered":"\n<h2 class=\"wp-block-heading\">Pr\u00eat \u00e0 atteindre vos objectifs ?<\/h2>\n\n\n\n<p>Dites-nous ce dont vous avez besoin, de la s\u00e9lection des mat\u00e9riaux au volume, en passant par les d\u00e9lais et les sp\u00e9cifications, et notre \u00e9quipe pr\u00e9parera un devis personnalis\u00e9 adapt\u00e9 \u00e0 vos objectifs. Que vous soyez dans l&rsquo;a\u00e9rospatiale, le m\u00e9dical, la d\u00e9fense ou dans un domaine unique, nous sommes l\u00e0 pour vous aider \u00e0 aller de l&rsquo;avant en toute confiance.<\/p>\n","protected":false},"excerpt":{"rendered":"<p>Pr\u00eat \u00e0 atteindre vos objectifs ? Dites-nous ce dont vous avez besoin, de la s\u00e9lection des mat\u00e9riaux au volume, en passant par les d\u00e9lais et les sp\u00e9cifications, et notre \u00e9quipe pr\u00e9parera un devis personnalis\u00e9 adapt\u00e9 \u00e0 vos objectifs. Que vous soyez dans l&rsquo;a\u00e9rospatiale, le m\u00e9dical, la d\u00e9fense ou dans un domaine unique, nous sommes l\u00e0 [&hellip;]<\/p>\n","protected":false},"author":1,"featured_media":681,"parent":0,"menu_order":0,"comment_status":"closed","ping_status":"closed","template":"page-templates\/page-quote.php","meta":{"_acf_changed":false,"footnotes":""},"class_list":["post-1111","page","type-page","status-publish","has-post-thumbnail","hentry"],"acf":[],"yoast_head":"<!-- This site is optimized with the Yoast SEO plugin v24.8.1 - https:\/\/yoast.com\/wordpress\/plugins\/seo\/ -->\n<title>Soumission - LaFlesche<\/title>\n<meta name=\"description\" content=\"Dites-nous ce dont vous avez besoin, et notre \u00e9quipe pr\u00e9parera un devis personnalis\u00e9 adapt\u00e9 \u00e0 vos objectifs.\" \/>\n<meta name=\"robots\" content=\"index, follow, max-snippet:-1, max-image-preview:large, max-video-preview:-1\" \/>\n<link rel=\"canonical\" href=\"https:\/\/laflesche.com\/fr\/demandez-soumission\/\" \/>\n<meta property=\"og:locale\" content=\"fr_CA\" \/>\n<meta property=\"og:type\" content=\"article\" \/>\n<meta property=\"og:title\" content=\"Soumission - LaFlesche\" \/>\n<meta property=\"og:description\" content=\"Dites-nous ce dont vous avez besoin, et notre \u00e9quipe pr\u00e9parera un devis personnalis\u00e9 adapt\u00e9 \u00e0 vos objectifs.\" \/>\n<meta property=\"og:url\" content=\"https:\/\/laflesche.com\/fr\/demandez-soumission\/\" \/>\n<meta property=\"og:site_name\" content=\"LaFlesche\" \/>\n<meta property=\"article:modified_time\" content=\"2025-05-23T14:40:28+00:00\" \/>\n<meta property=\"og:image\" content=\"https:\/\/laflesche.com\/wp-content\/uploads\/2025\/04\/laflesche-manufacturing.jpg\" \/>\n\t<meta property=\"og:image:width\" content=\"1920\" \/>\n\t<meta property=\"og:image:height\" content=\"803\" \/>\n\t<meta property=\"og:image:type\" content=\"image\/jpeg\" \/>\n<meta name=\"twitter:card\" content=\"summary_large_image\" \/>\n<meta name=\"twitter:label1\" content=\"Estimation du temps de lecture\" \/>\n\t<meta name=\"twitter:data1\" content=\"1 minute\" \/>\n<script type=\"application\/ld+json\" class=\"yoast-schema-graph\">{\"@context\":\"https:\/\/schema.org\",\"@graph\":[{\"@type\":\"WebPage\",\"@id\":\"https:\/\/laflesche.com\/fr\/demandez-soumission\/\",\"url\":\"https:\/\/laflesche.com\/fr\/demandez-soumission\/\",\"name\":\"Soumission - LaFlesche\",\"isPartOf\":{\"@id\":\"https:\/\/laflesche.com\/fr\/#website\"},\"primaryImageOfPage\":{\"@id\":\"https:\/\/laflesche.com\/fr\/demandez-soumission\/#primaryimage\"},\"image\":{\"@id\":\"https:\/\/laflesche.com\/fr\/demandez-soumission\/#primaryimage\"},\"thumbnailUrl\":\"https:\/\/laflesche.com\/wp-content\/uploads\/2025\/04\/laflesche-manufacturing.jpg\",\"datePublished\":\"2025-04-29T12:11:46+00:00\",\"dateModified\":\"2025-05-23T14:40:28+00:00\",\"description\":\"Dites-nous ce dont vous avez besoin, et notre \u00e9quipe pr\u00e9parera un devis personnalis\u00e9 adapt\u00e9 \u00e0 vos objectifs.\",\"breadcrumb\":{\"@id\":\"https:\/\/laflesche.com\/fr\/demandez-soumission\/#breadcrumb\"},\"inLanguage\":\"fr-CA\",\"potentialAction\":[{\"@type\":\"ReadAction\",\"target\":[\"https:\/\/laflesche.com\/fr\/demandez-soumission\/\"]}]},{\"@type\":\"ImageObject\",\"inLanguage\":\"fr-CA\",\"@id\":\"https:\/\/laflesche.com\/fr\/demandez-soumission\/#primaryimage\",\"url\":\"https:\/\/laflesche.com\/wp-content\/uploads\/2025\/04\/laflesche-manufacturing.jpg\",\"contentUrl\":\"https:\/\/laflesche.com\/wp-content\/uploads\/2025\/04\/laflesche-manufacturing.jpg\",\"width\":1920,\"height\":803},{\"@type\":\"BreadcrumbList\",\"@id\":\"https:\/\/laflesche.com\/fr\/demandez-soumission\/#breadcrumb\",\"itemListElement\":[{\"@type\":\"ListItem\",\"position\":1,\"name\":\"Home\",\"item\":\"https:\/\/laflesche.com\/fr\/\"},{\"@type\":\"ListItem\",\"position\":2,\"name\":\"Soumission\"}]},{\"@type\":\"WebSite\",\"@id\":\"https:\/\/laflesche.com\/fr\/#website\",\"url\":\"https:\/\/laflesche.com\/fr\/\",\"name\":\"LaFlesche\",\"description\":\"LaFlesche\",\"potentialAction\":[{\"@type\":\"SearchAction\",\"target\":{\"@type\":\"EntryPoint\",\"urlTemplate\":\"https:\/\/laflesche.com\/fr\/?s={search_term_string}\"},\"query-input\":{\"@type\":\"PropertyValueSpecification\",\"valueRequired\":true,\"valueName\":\"search_term_string\"}}],\"inLanguage\":\"fr-CA\"}]}<\/script>\n<!-- \/ Yoast SEO plugin. -->","yoast_head_json":{"title":"Soumission - LaFlesche","description":"Dites-nous ce dont vous avez besoin, et notre \u00e9quipe pr\u00e9parera un devis personnalis\u00e9 adapt\u00e9 \u00e0 vos objectifs.","robots":{"index":"index","follow":"follow","max-snippet":"max-snippet:-1","max-image-preview":"max-image-preview:large","max-video-preview":"max-video-preview:-1"},"canonical":"https:\/\/laflesche.com\/fr\/demandez-soumission\/","og_locale":"fr_CA","og_type":"article","og_title":"Soumission - LaFlesche","og_description":"Dites-nous ce dont vous avez besoin, et notre \u00e9quipe pr\u00e9parera un devis personnalis\u00e9 adapt\u00e9 \u00e0 vos objectifs.","og_url":"https:\/\/laflesche.com\/fr\/demandez-soumission\/","og_site_name":"LaFlesche","article_modified_time":"2025-05-23T14:40:28+00:00","og_image":[{"width":1920,"height":803,"url":"https:\/\/laflesche.com\/wp-content\/uploads\/2025\/04\/laflesche-manufacturing.jpg","type":"image\/jpeg"}],"twitter_card":"summary_large_image","twitter_misc":{"Estimation du temps de lecture":"1 minute"},"schema":{"@context":"https:\/\/schema.org","@graph":[{"@type":"WebPage","@id":"https:\/\/laflesche.com\/fr\/demandez-soumission\/","url":"https:\/\/laflesche.com\/fr\/demandez-soumission\/","name":"Soumission - LaFlesche","isPartOf":{"@id":"https:\/\/laflesche.com\/fr\/#website"},"primaryImageOfPage":{"@id":"https:\/\/laflesche.com\/fr\/demandez-soumission\/#primaryimage"},"image":{"@id":"https:\/\/laflesche.com\/fr\/demandez-soumission\/#primaryimage"},"thumbnailUrl":"https:\/\/laflesche.com\/wp-content\/uploads\/2025\/04\/laflesche-manufacturing.jpg","datePublished":"2025-04-29T12:11:46+00:00","dateModified":"2025-05-23T14:40:28+00:00","description":"Dites-nous ce dont vous avez besoin, et notre \u00e9quipe pr\u00e9parera un devis personnalis\u00e9 adapt\u00e9 \u00e0 vos objectifs.","breadcrumb":{"@id":"https:\/\/laflesche.com\/fr\/demandez-soumission\/#breadcrumb"},"inLanguage":"fr-CA","potentialAction":[{"@type":"ReadAction","target":["https:\/\/laflesche.com\/fr\/demandez-soumission\/"]}]},{"@type":"ImageObject","inLanguage":"fr-CA","@id":"https:\/\/laflesche.com\/fr\/demandez-soumission\/#primaryimage","url":"https:\/\/laflesche.com\/wp-content\/uploads\/2025\/04\/laflesche-manufacturing.jpg","contentUrl":"https:\/\/laflesche.com\/wp-content\/uploads\/2025\/04\/laflesche-manufacturing.jpg","width":1920,"height":803},{"@type":"BreadcrumbList","@id":"https:\/\/laflesche.com\/fr\/demandez-soumission\/#breadcrumb","itemListElement":[{"@type":"ListItem","position":1,"name":"Home","item":"https:\/\/laflesche.com\/fr\/"},{"@type":"ListItem","position":2,"name":"Soumission"}]},{"@type":"WebSite","@id":"https:\/\/laflesche.com\/fr\/#website","url":"https:\/\/laflesche.com\/fr\/","name":"LaFlesche","description":"LaFlesche","potentialAction":[{"@type":"SearchAction","target":{"@type":"EntryPoint","urlTemplate":"https:\/\/laflesche.com\/fr\/?s={search_term_string}"},"query-input":{"@type":"PropertyValueSpecification","valueRequired":true,"valueName":"search_term_string"}}],"inLanguage":"fr-CA"}]}},"_links":{"self":[{"href":"https:\/\/laflesche.com\/fr\/wp-json\/wp\/v2\/pages\/1111","targetHints":{"allow":["GET"]}}],"collection":[{"href":"https:\/\/laflesche.com\/fr\/wp-json\/wp\/v2\/pages"}],"about":[{"href":"https:\/\/laflesche.com\/fr\/wp-json\/wp\/v2\/types\/page"}],"author":[{"embeddable":true,"href":"https:\/\/laflesche.com\/fr\/wp-json\/wp\/v2\/users\/1"}],"replies":[{"embeddable":true,"href":"https:\/\/laflesche.com\/fr\/wp-json\/wp\/v2\/comments?post=1111"}],"version-history":[{"count":2,"href":"https:\/\/laflesche.com\/fr\/wp-json\/wp\/v2\/pages\/1111\/revisions"}],"predecessor-version":[{"id":1607,"href":"https:\/\/laflesche.com\/fr\/wp-json\/wp\/v2\/pages\/1111\/revisions\/1607"}],"wp:featuredmedia":[{"embeddable":true,"href":"https:\/\/laflesche.com\/fr\/wp-json\/wp\/v2\/media\/681"}],"wp:attachment":[{"href":"https:\/\/laflesche.com\/fr\/wp-json\/wp\/v2\/media?parent=1111"}],"curies":[{"name":"wp","href":"https:\/\/api.w.org\/{rel}","templated":true}]}}