{"id":1110,"date":"2025-04-28T15:27:11","date_gmt":"2025-04-28T15:27:11","guid":{"rendered":"https:\/\/laflesche.com\/defense-industry\/"},"modified":"2025-07-08T15:28:48","modified_gmt":"2025-07-08T15:28:48","slug":"industrie-de-la-defense","status":"publish","type":"page","link":"https:\/\/laflesche.com\/fr\/industrie-de-la-defense\/","title":{"rendered":"Industrie de la\u00a0d\u00e9fense"},"content":{"rendered":"","protected":false},"excerpt":{"rendered":"","protected":false},"author":1,"featured_media":597,"parent":0,"menu_order":0,"comment_status":"closed","ping_status":"closed","template":"page-templates\/page-industries.php","meta":{"_acf_changed":false,"footnotes":""},"class_list":["post-1110","page","type-page","status-publish","has-post-thumbnail","hentry"],"acf":[],"yoast_head":"<!-- This site is optimized with the Yoast SEO plugin v24.8.1 - https:\/\/yoast.com\/wordpress\/plugins\/seo\/ -->\n<title>Industrie de la\u00a0d\u00e9fense - LaFlesche<\/title>\n<meta name=\"description\" content=\"L&#039;industrie de la d\u00e9fense d&#039;aujourd&#039;hui doit \u00e9galement penser \u00e0 celle de demain. Chez LaFlesche, nous int\u00e9grons des pratiques de durabilit\u00e9\" \/>\n<meta name=\"robots\" content=\"index, follow, max-snippet:-1, max-image-preview:large, max-video-preview:-1\" \/>\n<link rel=\"canonical\" href=\"https:\/\/laflesche.com\/fr\/industrie-de-la-defense\/\" \/>\n<meta property=\"og:locale\" content=\"fr_CA\" \/>\n<meta property=\"og:type\" content=\"article\" \/>\n<meta property=\"og:title\" content=\"Industrie de la\u00a0d\u00e9fense - LaFlesche\" \/>\n<meta property=\"og:description\" content=\"L&#039;industrie de la d\u00e9fense d&#039;aujourd&#039;hui doit \u00e9galement penser \u00e0 celle de demain. Chez LaFlesche, nous int\u00e9grons des pratiques de durabilit\u00e9\" \/>\n<meta property=\"og:url\" content=\"https:\/\/laflesche.com\/fr\/industrie-de-la-defense\/\" \/>\n<meta property=\"og:site_name\" content=\"LaFlesche\" \/>\n<meta property=\"article:modified_time\" content=\"2025-07-08T15:28:48+00:00\" \/>\n<meta property=\"og:image\" content=\"https:\/\/laflesche.com\/wp-content\/uploads\/2025\/04\/laflesche-defense-industry.jpg\" \/>\n\t<meta property=\"og:image:width\" content=\"1920\" \/>\n\t<meta property=\"og:image:height\" content=\"1080\" \/>\n\t<meta property=\"og:image:type\" content=\"image\/jpeg\" \/>\n<meta name=\"twitter:card\" content=\"summary_large_image\" \/>\n<meta name=\"twitter:label1\" content=\"Estimation du temps de lecture\" \/>\n\t<meta name=\"twitter:data1\" content=\"7 minutes\" \/>\n<script type=\"application\/ld+json\" class=\"yoast-schema-graph\">{\"@context\":\"https:\/\/schema.org\",\"@graph\":[{\"@type\":\"WebPage\",\"@id\":\"https:\/\/laflesche.com\/fr\/industrie-de-la-defense\/\",\"url\":\"https:\/\/laflesche.com\/fr\/industrie-de-la-defense\/\",\"name\":\"Industrie de la\u00a0d\u00e9fense - LaFlesche\",\"isPartOf\":{\"@id\":\"https:\/\/laflesche.com\/fr\/#website\"},\"primaryImageOfPage\":{\"@id\":\"https:\/\/laflesche.com\/fr\/industrie-de-la-defense\/#primaryimage\"},\"image\":{\"@id\":\"https:\/\/laflesche.com\/fr\/industrie-de-la-defense\/#primaryimage\"},\"thumbnailUrl\":\"https:\/\/laflesche.com\/wp-content\/uploads\/2025\/04\/laflesche-defense-industry.jpg\",\"datePublished\":\"2025-04-28T15:27:11+00:00\",\"dateModified\":\"2025-07-08T15:28:48+00:00\",\"description\":\"L'industrie de la d\u00e9fense d'aujourd'hui doit \u00e9galement penser \u00e0 celle de demain. Chez LaFlesche, nous int\u00e9grons des pratiques de durabilit\u00e9\",\"breadcrumb\":{\"@id\":\"https:\/\/laflesche.com\/fr\/industrie-de-la-defense\/#breadcrumb\"},\"inLanguage\":\"fr-CA\",\"potentialAction\":[{\"@type\":\"ReadAction\",\"target\":[\"https:\/\/laflesche.com\/fr\/industrie-de-la-defense\/\"]}]},{\"@type\":\"ImageObject\",\"inLanguage\":\"fr-CA\",\"@id\":\"https:\/\/laflesche.com\/fr\/industrie-de-la-defense\/#primaryimage\",\"url\":\"https:\/\/laflesche.com\/wp-content\/uploads\/2025\/04\/laflesche-defense-industry.jpg\",\"contentUrl\":\"https:\/\/laflesche.com\/wp-content\/uploads\/2025\/04\/laflesche-defense-industry.jpg\",\"width\":1920,\"height\":1080,\"caption\":\"defense\"},{\"@type\":\"BreadcrumbList\",\"@id\":\"https:\/\/laflesche.com\/fr\/industrie-de-la-defense\/#breadcrumb\",\"itemListElement\":[{\"@type\":\"ListItem\",\"position\":1,\"name\":\"Home\",\"item\":\"https:\/\/laflesche.com\/fr\/\"},{\"@type\":\"ListItem\",\"position\":2,\"name\":\"Industrie de la\u00a0d\u00e9fense\"}]},{\"@type\":\"WebSite\",\"@id\":\"https:\/\/laflesche.com\/fr\/#website\",\"url\":\"https:\/\/laflesche.com\/fr\/\",\"name\":\"LaFlesche\",\"description\":\"LaFlesche\",\"potentialAction\":[{\"@type\":\"SearchAction\",\"target\":{\"@type\":\"EntryPoint\",\"urlTemplate\":\"https:\/\/laflesche.com\/fr\/?s={search_term_string}\"},\"query-input\":{\"@type\":\"PropertyValueSpecification\",\"valueRequired\":true,\"valueName\":\"search_term_string\"}}],\"inLanguage\":\"fr-CA\"}]}<\/script>\n<!-- \/ Yoast SEO plugin. -->","yoast_head_json":{"title":"Industrie de la\u00a0d\u00e9fense - LaFlesche","description":"L'industrie de la d\u00e9fense d'aujourd'hui doit \u00e9galement penser \u00e0 celle de demain. Chez LaFlesche, nous int\u00e9grons des pratiques de durabilit\u00e9","robots":{"index":"index","follow":"follow","max-snippet":"max-snippet:-1","max-image-preview":"max-image-preview:large","max-video-preview":"max-video-preview:-1"},"canonical":"https:\/\/laflesche.com\/fr\/industrie-de-la-defense\/","og_locale":"fr_CA","og_type":"article","og_title":"Industrie de la\u00a0d\u00e9fense - LaFlesche","og_description":"L'industrie de la d\u00e9fense d'aujourd'hui doit \u00e9galement penser \u00e0 celle de demain. Chez LaFlesche, nous int\u00e9grons des pratiques de durabilit\u00e9","og_url":"https:\/\/laflesche.com\/fr\/industrie-de-la-defense\/","og_site_name":"LaFlesche","article_modified_time":"2025-07-08T15:28:48+00:00","og_image":[{"width":1920,"height":1080,"url":"https:\/\/laflesche.com\/wp-content\/uploads\/2025\/04\/laflesche-defense-industry.jpg","type":"image\/jpeg"}],"twitter_card":"summary_large_image","twitter_misc":{"Estimation du temps de lecture":"7 minutes"},"schema":{"@context":"https:\/\/schema.org","@graph":[{"@type":"WebPage","@id":"https:\/\/laflesche.com\/fr\/industrie-de-la-defense\/","url":"https:\/\/laflesche.com\/fr\/industrie-de-la-defense\/","name":"Industrie de la\u00a0d\u00e9fense - LaFlesche","isPartOf":{"@id":"https:\/\/laflesche.com\/fr\/#website"},"primaryImageOfPage":{"@id":"https:\/\/laflesche.com\/fr\/industrie-de-la-defense\/#primaryimage"},"image":{"@id":"https:\/\/laflesche.com\/fr\/industrie-de-la-defense\/#primaryimage"},"thumbnailUrl":"https:\/\/laflesche.com\/wp-content\/uploads\/2025\/04\/laflesche-defense-industry.jpg","datePublished":"2025-04-28T15:27:11+00:00","dateModified":"2025-07-08T15:28:48+00:00","description":"L'industrie de la d\u00e9fense d'aujourd'hui doit \u00e9galement penser \u00e0 celle de demain. Chez LaFlesche, nous int\u00e9grons des pratiques de durabilit\u00e9","breadcrumb":{"@id":"https:\/\/laflesche.com\/fr\/industrie-de-la-defense\/#breadcrumb"},"inLanguage":"fr-CA","potentialAction":[{"@type":"ReadAction","target":["https:\/\/laflesche.com\/fr\/industrie-de-la-defense\/"]}]},{"@type":"ImageObject","inLanguage":"fr-CA","@id":"https:\/\/laflesche.com\/fr\/industrie-de-la-defense\/#primaryimage","url":"https:\/\/laflesche.com\/wp-content\/uploads\/2025\/04\/laflesche-defense-industry.jpg","contentUrl":"https:\/\/laflesche.com\/wp-content\/uploads\/2025\/04\/laflesche-defense-industry.jpg","width":1920,"height":1080,"caption":"defense"},{"@type":"BreadcrumbList","@id":"https:\/\/laflesche.com\/fr\/industrie-de-la-defense\/#breadcrumb","itemListElement":[{"@type":"ListItem","position":1,"name":"Home","item":"https:\/\/laflesche.com\/fr\/"},{"@type":"ListItem","position":2,"name":"Industrie de la\u00a0d\u00e9fense"}]},{"@type":"WebSite","@id":"https:\/\/laflesche.com\/fr\/#website","url":"https:\/\/laflesche.com\/fr\/","name":"LaFlesche","description":"LaFlesche","potentialAction":[{"@type":"SearchAction","target":{"@type":"EntryPoint","urlTemplate":"https:\/\/laflesche.com\/fr\/?s={search_term_string}"},"query-input":{"@type":"PropertyValueSpecification","valueRequired":true,"valueName":"search_term_string"}}],"inLanguage":"fr-CA"}]}},"_links":{"self":[{"href":"https:\/\/laflesche.com\/fr\/wp-json\/wp\/v2\/pages\/1110","targetHints":{"allow":["GET"]}}],"collection":[{"href":"https:\/\/laflesche.com\/fr\/wp-json\/wp\/v2\/pages"}],"about":[{"href":"https:\/\/laflesche.com\/fr\/wp-json\/wp\/v2\/types\/page"}],"author":[{"embeddable":true,"href":"https:\/\/laflesche.com\/fr\/wp-json\/wp\/v2\/users\/1"}],"replies":[{"embeddable":true,"href":"https:\/\/laflesche.com\/fr\/wp-json\/wp\/v2\/comments?post=1110"}],"version-history":[{"count":26,"href":"https:\/\/laflesche.com\/fr\/wp-json\/wp\/v2\/pages\/1110\/revisions"}],"predecessor-version":[{"id":1954,"href":"https:\/\/laflesche.com\/fr\/wp-json\/wp\/v2\/pages\/1110\/revisions\/1954"}],"wp:featuredmedia":[{"embeddable":true,"href":"https:\/\/laflesche.com\/fr\/wp-json\/wp\/v2\/media\/597"}],"wp:attachment":[{"href":"https:\/\/laflesche.com\/fr\/wp-json\/wp\/v2\/media?parent=1110"}],"curies":[{"name":"wp","href":"https:\/\/api.w.org\/{rel}","templated":true}]}}