{"id":1109,"date":"2025-04-07T15:32:56","date_gmt":"2025-04-07T15:32:56","guid":{"rendered":"https:\/\/laflesche.com\/contact-us\/"},"modified":"2025-07-08T17:36:36","modified_gmt":"2025-07-08T17:36:36","slug":"nous-joindre","status":"publish","type":"page","link":"https:\/\/laflesche.com\/fr\/nous-joindre\/","title":{"rendered":"Nous joindre"},"content":{"rendered":"\n<h2 class=\"wp-block-heading\">Discutons de votre prochain projet<\/h2>\n\n\n\n<p>Qu&rsquo;il s&rsquo;agisse de prototyper un nouveau design ou de passer \u00e0 l&rsquo;\u00e9chelle de production, notre \u00e9quipe est l\u00e0 pour vous accompagner \u00e0 chaque \u00e9tape.<br>LaFlesche offre un v\u00e9ritable partenariat, pas seulement une production. Ensemble, voyons comment nous pouvons transformer votre id\u00e9e en r\u00e9alit\u00e9 avec pr\u00e9cision, soin et int\u00e9grit\u00e9.<\/p>\n\n\n\n<p><strong>T\u00e9l\u00e9phone<\/strong>:<br><a href=\"tel:15143160133\"><strong>1-514-316-0133<\/strong><\/a><a href=\"https:\/\/www.linkedin.com\/company\/novadba\/\" target=\"_blank\" rel=\"noreferrer noopener\"><\/a><\/p>\n\n\n\n<p><strong>Adresse:&nbsp;<\/strong><br>1 Rock Rd. West, Kahnawake, QC, Canada J0L 1B0<\/p>\n","protected":false},"excerpt":{"rendered":"<p>Discutons de votre prochain projet Qu&rsquo;il s&rsquo;agisse de prototyper un nouveau design ou de passer \u00e0 l&rsquo;\u00e9chelle de production, notre \u00e9quipe est l\u00e0 pour vous accompagner \u00e0 chaque \u00e9tape.LaFlesche offre un v\u00e9ritable partenariat, pas seulement une production. Ensemble, voyons comment nous pouvons transformer votre id\u00e9e en r\u00e9alit\u00e9 avec pr\u00e9cision, soin et int\u00e9grit\u00e9. T\u00e9l\u00e9phone:1-514-316-0133 Adresse:&nbsp;1 Rock [&hellip;]<\/p>\n","protected":false},"author":1,"featured_media":732,"parent":0,"menu_order":0,"comment_status":"closed","ping_status":"closed","template":"page-templates\/page-contact.php","meta":{"_acf_changed":false,"footnotes":""},"class_list":["post-1109","page","type-page","status-publish","has-post-thumbnail","hentry"],"acf":[],"yoast_head":"<!-- This site is optimized with the Yoast SEO plugin v24.8.1 - https:\/\/yoast.com\/wordpress\/plugins\/seo\/ -->\n<title>Nous joindre - LaFlesche<\/title>\n<meta name=\"description\" content=\"Voyons comment nous pouvons vous aider \u00e0 donner vie \u00e0 votre prochain projet t avec pr\u00e9cision, soin et int\u00e9grit\u00e9.\" \/>\n<meta name=\"robots\" content=\"index, follow, max-snippet:-1, max-image-preview:large, max-video-preview:-1\" \/>\n<link rel=\"canonical\" href=\"https:\/\/laflesche.com\/fr\/nous-joindre\/\" \/>\n<meta property=\"og:locale\" content=\"fr_CA\" \/>\n<meta property=\"og:type\" content=\"article\" \/>\n<meta property=\"og:title\" content=\"Nous joindre - LaFlesche\" \/>\n<meta property=\"og:description\" content=\"Voyons comment nous pouvons vous aider \u00e0 donner vie \u00e0 votre prochain projet t avec pr\u00e9cision, soin et int\u00e9grit\u00e9.\" \/>\n<meta property=\"og:url\" content=\"https:\/\/laflesche.com\/fr\/nous-joindre\/\" \/>\n<meta property=\"og:site_name\" content=\"LaFlesche\" \/>\n<meta property=\"article:modified_time\" content=\"2025-07-08T17:36:36+00:00\" \/>\n<meta property=\"og:image\" content=\"https:\/\/laflesche.com\/wp-content\/uploads\/2025\/04\/laflesche-contact.jpg\" \/>\n\t<meta property=\"og:image:width\" content=\"1920\" \/>\n\t<meta property=\"og:image:height\" content=\"800\" \/>\n\t<meta property=\"og:image:type\" content=\"image\/jpeg\" \/>\n<meta name=\"twitter:card\" content=\"summary_large_image\" \/>\n<meta name=\"twitter:label1\" content=\"Estimation du temps de lecture\" \/>\n\t<meta name=\"twitter:data1\" content=\"1 minute\" \/>\n<script type=\"application\/ld+json\" class=\"yoast-schema-graph\">{\"@context\":\"https:\/\/schema.org\",\"@graph\":[{\"@type\":\"WebPage\",\"@id\":\"https:\/\/laflesche.com\/fr\/nous-joindre\/\",\"url\":\"https:\/\/laflesche.com\/fr\/nous-joindre\/\",\"name\":\"Nous joindre - LaFlesche\",\"isPartOf\":{\"@id\":\"https:\/\/laflesche.com\/fr\/#website\"},\"primaryImageOfPage\":{\"@id\":\"https:\/\/laflesche.com\/fr\/nous-joindre\/#primaryimage\"},\"image\":{\"@id\":\"https:\/\/laflesche.com\/fr\/nous-joindre\/#primaryimage\"},\"thumbnailUrl\":\"https:\/\/laflesche.com\/wp-content\/uploads\/2025\/04\/laflesche-contact.jpg\",\"datePublished\":\"2025-04-07T15:32:56+00:00\",\"dateModified\":\"2025-07-08T17:36:36+00:00\",\"description\":\"Voyons comment nous pouvons vous aider \u00e0 donner vie \u00e0 votre prochain projet t avec pr\u00e9cision, soin et int\u00e9grit\u00e9.\",\"breadcrumb\":{\"@id\":\"https:\/\/laflesche.com\/fr\/nous-joindre\/#breadcrumb\"},\"inLanguage\":\"fr-CA\",\"potentialAction\":[{\"@type\":\"ReadAction\",\"target\":[\"https:\/\/laflesche.com\/fr\/nous-joindre\/\"]}]},{\"@type\":\"ImageObject\",\"inLanguage\":\"fr-CA\",\"@id\":\"https:\/\/laflesche.com\/fr\/nous-joindre\/#primaryimage\",\"url\":\"https:\/\/laflesche.com\/wp-content\/uploads\/2025\/04\/laflesche-contact.jpg\",\"contentUrl\":\"https:\/\/laflesche.com\/wp-content\/uploads\/2025\/04\/laflesche-contact.jpg\",\"width\":1920,\"height\":800,\"caption\":\"Contact Us\"},{\"@type\":\"BreadcrumbList\",\"@id\":\"https:\/\/laflesche.com\/fr\/nous-joindre\/#breadcrumb\",\"itemListElement\":[{\"@type\":\"ListItem\",\"position\":1,\"name\":\"Home\",\"item\":\"https:\/\/laflesche.com\/fr\/\"},{\"@type\":\"ListItem\",\"position\":2,\"name\":\"Nous joindre\"}]},{\"@type\":\"WebSite\",\"@id\":\"https:\/\/laflesche.com\/fr\/#website\",\"url\":\"https:\/\/laflesche.com\/fr\/\",\"name\":\"LaFlesche\",\"description\":\"LaFlesche\",\"potentialAction\":[{\"@type\":\"SearchAction\",\"target\":{\"@type\":\"EntryPoint\",\"urlTemplate\":\"https:\/\/laflesche.com\/fr\/?s={search_term_string}\"},\"query-input\":{\"@type\":\"PropertyValueSpecification\",\"valueRequired\":true,\"valueName\":\"search_term_string\"}}],\"inLanguage\":\"fr-CA\"}]}<\/script>\n<!-- \/ Yoast SEO plugin. -->","yoast_head_json":{"title":"Nous joindre - LaFlesche","description":"Voyons comment nous pouvons vous aider \u00e0 donner vie \u00e0 votre prochain projet t avec pr\u00e9cision, soin et int\u00e9grit\u00e9.","robots":{"index":"index","follow":"follow","max-snippet":"max-snippet:-1","max-image-preview":"max-image-preview:large","max-video-preview":"max-video-preview:-1"},"canonical":"https:\/\/laflesche.com\/fr\/nous-joindre\/","og_locale":"fr_CA","og_type":"article","og_title":"Nous joindre - LaFlesche","og_description":"Voyons comment nous pouvons vous aider \u00e0 donner vie \u00e0 votre prochain projet t avec pr\u00e9cision, soin et int\u00e9grit\u00e9.","og_url":"https:\/\/laflesche.com\/fr\/nous-joindre\/","og_site_name":"LaFlesche","article_modified_time":"2025-07-08T17:36:36+00:00","og_image":[{"width":1920,"height":800,"url":"https:\/\/laflesche.com\/wp-content\/uploads\/2025\/04\/laflesche-contact.jpg","type":"image\/jpeg"}],"twitter_card":"summary_large_image","twitter_misc":{"Estimation du temps de lecture":"1 minute"},"schema":{"@context":"https:\/\/schema.org","@graph":[{"@type":"WebPage","@id":"https:\/\/laflesche.com\/fr\/nous-joindre\/","url":"https:\/\/laflesche.com\/fr\/nous-joindre\/","name":"Nous joindre - LaFlesche","isPartOf":{"@id":"https:\/\/laflesche.com\/fr\/#website"},"primaryImageOfPage":{"@id":"https:\/\/laflesche.com\/fr\/nous-joindre\/#primaryimage"},"image":{"@id":"https:\/\/laflesche.com\/fr\/nous-joindre\/#primaryimage"},"thumbnailUrl":"https:\/\/laflesche.com\/wp-content\/uploads\/2025\/04\/laflesche-contact.jpg","datePublished":"2025-04-07T15:32:56+00:00","dateModified":"2025-07-08T17:36:36+00:00","description":"Voyons comment nous pouvons vous aider \u00e0 donner vie \u00e0 votre prochain projet t avec pr\u00e9cision, soin et int\u00e9grit\u00e9.","breadcrumb":{"@id":"https:\/\/laflesche.com\/fr\/nous-joindre\/#breadcrumb"},"inLanguage":"fr-CA","potentialAction":[{"@type":"ReadAction","target":["https:\/\/laflesche.com\/fr\/nous-joindre\/"]}]},{"@type":"ImageObject","inLanguage":"fr-CA","@id":"https:\/\/laflesche.com\/fr\/nous-joindre\/#primaryimage","url":"https:\/\/laflesche.com\/wp-content\/uploads\/2025\/04\/laflesche-contact.jpg","contentUrl":"https:\/\/laflesche.com\/wp-content\/uploads\/2025\/04\/laflesche-contact.jpg","width":1920,"height":800,"caption":"Contact Us"},{"@type":"BreadcrumbList","@id":"https:\/\/laflesche.com\/fr\/nous-joindre\/#breadcrumb","itemListElement":[{"@type":"ListItem","position":1,"name":"Home","item":"https:\/\/laflesche.com\/fr\/"},{"@type":"ListItem","position":2,"name":"Nous joindre"}]},{"@type":"WebSite","@id":"https:\/\/laflesche.com\/fr\/#website","url":"https:\/\/laflesche.com\/fr\/","name":"LaFlesche","description":"LaFlesche","potentialAction":[{"@type":"SearchAction","target":{"@type":"EntryPoint","urlTemplate":"https:\/\/laflesche.com\/fr\/?s={search_term_string}"},"query-input":{"@type":"PropertyValueSpecification","valueRequired":true,"valueName":"search_term_string"}}],"inLanguage":"fr-CA"}]}},"_links":{"self":[{"href":"https:\/\/laflesche.com\/fr\/wp-json\/wp\/v2\/pages\/1109","targetHints":{"allow":["GET"]}}],"collection":[{"href":"https:\/\/laflesche.com\/fr\/wp-json\/wp\/v2\/pages"}],"about":[{"href":"https:\/\/laflesche.com\/fr\/wp-json\/wp\/v2\/types\/page"}],"author":[{"embeddable":true,"href":"https:\/\/laflesche.com\/fr\/wp-json\/wp\/v2\/users\/1"}],"replies":[{"embeddable":true,"href":"https:\/\/laflesche.com\/fr\/wp-json\/wp\/v2\/comments?post=1109"}],"version-history":[{"count":3,"href":"https:\/\/laflesche.com\/fr\/wp-json\/wp\/v2\/pages\/1109\/revisions"}],"predecessor-version":[{"id":1973,"href":"https:\/\/laflesche.com\/fr\/wp-json\/wp\/v2\/pages\/1109\/revisions\/1973"}],"wp:featuredmedia":[{"embeddable":true,"href":"https:\/\/laflesche.com\/fr\/wp-json\/wp\/v2\/media\/732"}],"wp:attachment":[{"href":"https:\/\/laflesche.com\/fr\/wp-json\/wp\/v2\/media?parent=1109"}],"curies":[{"name":"wp","href":"https:\/\/api.w.org\/{rel}","templated":true}]}}