{"id":1107,"date":"2025-04-29T12:55:59","date_gmt":"2025-04-29T12:55:59","guid":{"rendered":"https:\/\/laflesche.com\/career\/"},"modified":"2025-07-08T17:34:15","modified_gmt":"2025-07-08T17:34:15","slug":"carrieres","status":"publish","type":"page","link":"https:\/\/laflesche.com\/fr\/carrieres\/","title":{"rendered":"Carri\u00e8res"},"content":{"rendered":"\n<h2 class=\"wp-block-heading\">Chez LaFlesche, nous b\u00e2tissons une culture o\u00f9 des gens extraordinaires (comme vous) peuvent donner le meilleur d&rsquo;eux-m\u00eames.<\/h2>\n\n\n\n<p>Si vous \u00eates pr\u00eat \u00e0 faire progresser votre carri\u00e8re et \u00e0 faire partie de l&rsquo;industrie passionnante des sciences de la vie, vous \u00eates au bon endroit.<\/p>\n\n\n\n<h3 class=\"wp-block-heading\">Qu&rsquo;est-ce que LaFlesche ?<\/h3>\n\n\n\n<p>LaFlesche est une entreprise de confiance sp\u00e9cialis\u00e9e dans le moulage par injection de plastique et l&rsquo;usinage du m\u00e9tal, situ\u00e9e sur le territoire autochtone de Kahnaw\u00e0:ke, au Qu\u00e9bec. Nous nous sp\u00e9cialisons dans la fabrication durable de produits en polym\u00e8re et en m\u00e9tal de haute qualit\u00e9, principalement pour les secteurs de la d\u00e9fense, de l&rsquo;a\u00e9rospatiale et de la m\u00e9decine.<\/p>\n\n\n\n<h3 class=\"wp-block-heading\">Offres d&#8217;emploi actuelles<\/h3>\n\n\n\n<blockquote class=\"wp-block-quote is-layout-flow wp-block-quote-is-layout-flow\">\n<h2 class=\"wp-block-heading\">Aucun poste n&rsquo;est disponible pour le moment<\/h2>\n\n\n\n<p>Vous pouvez n\u00e9anmoins postuler spontan\u00e9ment pour de futures opportunit\u00e9s ! Envoyez-nous votre CV et nous vous contacterons si votre profil correspond aux qualifications requises pour un poste \u00e0 venir.<\/p>\n<\/blockquote>\n","protected":false},"excerpt":{"rendered":"<p>Chez LaFlesche, nous b\u00e2tissons une culture o\u00f9 des gens extraordinaires (comme vous) peuvent donner le meilleur d&rsquo;eux-m\u00eames. Si vous \u00eates pr\u00eat \u00e0 faire progresser votre carri\u00e8re et \u00e0 faire partie de l&rsquo;industrie passionnante des sciences de la vie, vous \u00eates au bon endroit. Qu&rsquo;est-ce que LaFlesche ? LaFlesche est une entreprise de confiance sp\u00e9cialis\u00e9e dans [&hellip;]<\/p>\n","protected":false},"author":1,"featured_media":694,"parent":0,"menu_order":0,"comment_status":"closed","ping_status":"closed","template":"page-templates\/page-career.php","meta":{"_acf_changed":false,"footnotes":""},"class_list":["post-1107","page","type-page","status-publish","has-post-thumbnail","hentry"],"acf":[],"yoast_head":"<!-- This site is optimized with the Yoast SEO plugin v24.8.1 - https:\/\/yoast.com\/wordpress\/plugins\/seo\/ -->\n<title>Carri\u00e8res - LaFlesche<\/title>\n<meta name=\"description\" content=\"Si vous \u00eates pr\u00eat \u00e0 faire progresser votre carri\u00e8re et \u00e0 faire partie de l&#039;industrie passionnante des sciences de la vie\" \/>\n<meta name=\"robots\" content=\"index, follow, max-snippet:-1, max-image-preview:large, max-video-preview:-1\" \/>\n<link rel=\"canonical\" href=\"https:\/\/laflesche.com\/fr\/carrieres\/\" \/>\n<meta property=\"og:locale\" content=\"fr_CA\" \/>\n<meta property=\"og:type\" content=\"article\" \/>\n<meta property=\"og:title\" content=\"Carri\u00e8res - LaFlesche\" \/>\n<meta property=\"og:description\" content=\"Si vous \u00eates pr\u00eat \u00e0 faire progresser votre carri\u00e8re et \u00e0 faire partie de l&#039;industrie passionnante des sciences de la vie\" \/>\n<meta property=\"og:url\" content=\"https:\/\/laflesche.com\/fr\/carrieres\/\" \/>\n<meta property=\"og:site_name\" content=\"LaFlesche\" \/>\n<meta property=\"article:modified_time\" content=\"2025-07-08T17:34:15+00:00\" \/>\n<meta property=\"og:image\" content=\"https:\/\/laflesche.com\/wp-content\/uploads\/2025\/04\/laflesche-contact-us-1.jpg\" \/>\n\t<meta property=\"og:image:width\" content=\"1920\" \/>\n\t<meta property=\"og:image:height\" content=\"1080\" \/>\n\t<meta property=\"og:image:type\" content=\"image\/jpeg\" \/>\n<meta name=\"twitter:card\" content=\"summary_large_image\" \/>\n<meta name=\"twitter:label1\" content=\"Estimation du temps de lecture\" \/>\n\t<meta name=\"twitter:data1\" content=\"1 minute\" \/>\n<script type=\"application\/ld+json\" class=\"yoast-schema-graph\">{\"@context\":\"https:\/\/schema.org\",\"@graph\":[{\"@type\":\"WebPage\",\"@id\":\"https:\/\/laflesche.com\/fr\/carrieres\/\",\"url\":\"https:\/\/laflesche.com\/fr\/carrieres\/\",\"name\":\"Carri\u00e8res - LaFlesche\",\"isPartOf\":{\"@id\":\"https:\/\/laflesche.com\/fr\/#website\"},\"primaryImageOfPage\":{\"@id\":\"https:\/\/laflesche.com\/fr\/carrieres\/#primaryimage\"},\"image\":{\"@id\":\"https:\/\/laflesche.com\/fr\/carrieres\/#primaryimage\"},\"thumbnailUrl\":\"https:\/\/laflesche.com\/wp-content\/uploads\/2025\/04\/laflesche-contact-us-1.jpg\",\"datePublished\":\"2025-04-29T12:55:59+00:00\",\"dateModified\":\"2025-07-08T17:34:15+00:00\",\"description\":\"Si vous \u00eates pr\u00eat \u00e0 faire progresser votre carri\u00e8re et \u00e0 faire partie de l'industrie passionnante des sciences de la vie\",\"breadcrumb\":{\"@id\":\"https:\/\/laflesche.com\/fr\/carrieres\/#breadcrumb\"},\"inLanguage\":\"fr-CA\",\"potentialAction\":[{\"@type\":\"ReadAction\",\"target\":[\"https:\/\/laflesche.com\/fr\/carrieres\/\"]}]},{\"@type\":\"ImageObject\",\"inLanguage\":\"fr-CA\",\"@id\":\"https:\/\/laflesche.com\/fr\/carrieres\/#primaryimage\",\"url\":\"https:\/\/laflesche.com\/wp-content\/uploads\/2025\/04\/laflesche-contact-us-1.jpg\",\"contentUrl\":\"https:\/\/laflesche.com\/wp-content\/uploads\/2025\/04\/laflesche-contact-us-1.jpg\",\"width\":1920,\"height\":1080},{\"@type\":\"BreadcrumbList\",\"@id\":\"https:\/\/laflesche.com\/fr\/carrieres\/#breadcrumb\",\"itemListElement\":[{\"@type\":\"ListItem\",\"position\":1,\"name\":\"Home\",\"item\":\"https:\/\/laflesche.com\/fr\/\"},{\"@type\":\"ListItem\",\"position\":2,\"name\":\"Carri\u00e8res\"}]},{\"@type\":\"WebSite\",\"@id\":\"https:\/\/laflesche.com\/fr\/#website\",\"url\":\"https:\/\/laflesche.com\/fr\/\",\"name\":\"LaFlesche\",\"description\":\"LaFlesche\",\"potentialAction\":[{\"@type\":\"SearchAction\",\"target\":{\"@type\":\"EntryPoint\",\"urlTemplate\":\"https:\/\/laflesche.com\/fr\/?s={search_term_string}\"},\"query-input\":{\"@type\":\"PropertyValueSpecification\",\"valueRequired\":true,\"valueName\":\"search_term_string\"}}],\"inLanguage\":\"fr-CA\"}]}<\/script>\n<!-- \/ Yoast SEO plugin. -->","yoast_head_json":{"title":"Carri\u00e8res - LaFlesche","description":"Si vous \u00eates pr\u00eat \u00e0 faire progresser votre carri\u00e8re et \u00e0 faire partie de l'industrie passionnante des sciences de la vie","robots":{"index":"index","follow":"follow","max-snippet":"max-snippet:-1","max-image-preview":"max-image-preview:large","max-video-preview":"max-video-preview:-1"},"canonical":"https:\/\/laflesche.com\/fr\/carrieres\/","og_locale":"fr_CA","og_type":"article","og_title":"Carri\u00e8res - LaFlesche","og_description":"Si vous \u00eates pr\u00eat \u00e0 faire progresser votre carri\u00e8re et \u00e0 faire partie de l'industrie passionnante des sciences de la vie","og_url":"https:\/\/laflesche.com\/fr\/carrieres\/","og_site_name":"LaFlesche","article_modified_time":"2025-07-08T17:34:15+00:00","og_image":[{"width":1920,"height":1080,"url":"https:\/\/laflesche.com\/wp-content\/uploads\/2025\/04\/laflesche-contact-us-1.jpg","type":"image\/jpeg"}],"twitter_card":"summary_large_image","twitter_misc":{"Estimation du temps de lecture":"1 minute"},"schema":{"@context":"https:\/\/schema.org","@graph":[{"@type":"WebPage","@id":"https:\/\/laflesche.com\/fr\/carrieres\/","url":"https:\/\/laflesche.com\/fr\/carrieres\/","name":"Carri\u00e8res - LaFlesche","isPartOf":{"@id":"https:\/\/laflesche.com\/fr\/#website"},"primaryImageOfPage":{"@id":"https:\/\/laflesche.com\/fr\/carrieres\/#primaryimage"},"image":{"@id":"https:\/\/laflesche.com\/fr\/carrieres\/#primaryimage"},"thumbnailUrl":"https:\/\/laflesche.com\/wp-content\/uploads\/2025\/04\/laflesche-contact-us-1.jpg","datePublished":"2025-04-29T12:55:59+00:00","dateModified":"2025-07-08T17:34:15+00:00","description":"Si vous \u00eates pr\u00eat \u00e0 faire progresser votre carri\u00e8re et \u00e0 faire partie de l'industrie passionnante des sciences de la vie","breadcrumb":{"@id":"https:\/\/laflesche.com\/fr\/carrieres\/#breadcrumb"},"inLanguage":"fr-CA","potentialAction":[{"@type":"ReadAction","target":["https:\/\/laflesche.com\/fr\/carrieres\/"]}]},{"@type":"ImageObject","inLanguage":"fr-CA","@id":"https:\/\/laflesche.com\/fr\/carrieres\/#primaryimage","url":"https:\/\/laflesche.com\/wp-content\/uploads\/2025\/04\/laflesche-contact-us-1.jpg","contentUrl":"https:\/\/laflesche.com\/wp-content\/uploads\/2025\/04\/laflesche-contact-us-1.jpg","width":1920,"height":1080},{"@type":"BreadcrumbList","@id":"https:\/\/laflesche.com\/fr\/carrieres\/#breadcrumb","itemListElement":[{"@type":"ListItem","position":1,"name":"Home","item":"https:\/\/laflesche.com\/fr\/"},{"@type":"ListItem","position":2,"name":"Carri\u00e8res"}]},{"@type":"WebSite","@id":"https:\/\/laflesche.com\/fr\/#website","url":"https:\/\/laflesche.com\/fr\/","name":"LaFlesche","description":"LaFlesche","potentialAction":[{"@type":"SearchAction","target":{"@type":"EntryPoint","urlTemplate":"https:\/\/laflesche.com\/fr\/?s={search_term_string}"},"query-input":{"@type":"PropertyValueSpecification","valueRequired":true,"valueName":"search_term_string"}}],"inLanguage":"fr-CA"}]}},"_links":{"self":[{"href":"https:\/\/laflesche.com\/fr\/wp-json\/wp\/v2\/pages\/1107","targetHints":{"allow":["GET"]}}],"collection":[{"href":"https:\/\/laflesche.com\/fr\/wp-json\/wp\/v2\/pages"}],"about":[{"href":"https:\/\/laflesche.com\/fr\/wp-json\/wp\/v2\/types\/page"}],"author":[{"embeddable":true,"href":"https:\/\/laflesche.com\/fr\/wp-json\/wp\/v2\/users\/1"}],"replies":[{"embeddable":true,"href":"https:\/\/laflesche.com\/fr\/wp-json\/wp\/v2\/comments?post=1107"}],"version-history":[{"count":5,"href":"https:\/\/laflesche.com\/fr\/wp-json\/wp\/v2\/pages\/1107\/revisions"}],"predecessor-version":[{"id":1971,"href":"https:\/\/laflesche.com\/fr\/wp-json\/wp\/v2\/pages\/1107\/revisions\/1971"}],"wp:featuredmedia":[{"embeddable":true,"href":"https:\/\/laflesche.com\/fr\/wp-json\/wp\/v2\/media\/694"}],"wp:attachment":[{"href":"https:\/\/laflesche.com\/fr\/wp-json\/wp\/v2\/media?parent=1107"}],"curies":[{"name":"wp","href":"https:\/\/api.w.org\/{rel}","templated":true}]}}