{"id":1106,"date":"2025-04-16T19:04:46","date_gmt":"2025-04-16T19:04:46","guid":{"rendered":"https:\/\/laflesche.com\/cnc-machining\/"},"modified":"2025-07-08T14:08:40","modified_gmt":"2025-07-08T14:08:40","slug":"usinage-cnc","status":"publish","type":"page","link":"https:\/\/laflesche.com\/fr\/usinage-cnc\/","title":{"rendered":"Usinage CNC"},"content":{"rendered":"","protected":false},"excerpt":{"rendered":"","protected":false},"author":1,"featured_media":1510,"parent":0,"menu_order":0,"comment_status":"closed","ping_status":"closed","template":"page-templates\/page-services.php","meta":{"_acf_changed":false,"footnotes":""},"class_list":["post-1106","page","type-page","status-publish","has-post-thumbnail","hentry"],"acf":[],"yoast_head":"<!-- This site is optimized with the Yoast SEO plugin v24.8.1 - https:\/\/yoast.com\/wordpress\/plugins\/seo\/ -->\n<title>Usinage CNC - LaFlesche<\/title>\n<meta name=\"description\" content=\"Chez LaFlesche, l&#039;usinage CNC n&#039;est pas un service isol\u00e9. Il fait partie d&#039;un \u00e9cosyst\u00e8me de fabrication complet\" \/>\n<meta name=\"robots\" content=\"index, follow, max-snippet:-1, max-image-preview:large, max-video-preview:-1\" \/>\n<link rel=\"canonical\" href=\"https:\/\/laflesche.com\/fr\/usinage-cnc\/\" \/>\n<meta property=\"og:locale\" content=\"fr_CA\" \/>\n<meta property=\"og:type\" content=\"article\" \/>\n<meta property=\"og:title\" content=\"Usinage CNC - LaFlesche\" \/>\n<meta property=\"og:description\" content=\"Chez LaFlesche, l&#039;usinage CNC n&#039;est pas un service isol\u00e9. Il fait partie d&#039;un \u00e9cosyst\u00e8me de fabrication complet\" \/>\n<meta property=\"og:url\" content=\"https:\/\/laflesche.com\/fr\/usinage-cnc\/\" \/>\n<meta property=\"og:site_name\" content=\"LaFlesche\" \/>\n<meta property=\"article:modified_time\" content=\"2025-07-08T14:08:40+00:00\" \/>\n<meta property=\"og:image\" content=\"https:\/\/laflesche.com\/wp-content\/uploads\/2025\/05\/laflesche-cnc-machining-part-7.jpg\" \/>\n\t<meta property=\"og:image:width\" content=\"1920\" \/>\n\t<meta property=\"og:image:height\" content=\"1080\" \/>\n\t<meta property=\"og:image:type\" content=\"image\/jpeg\" \/>\n<meta name=\"twitter:card\" content=\"summary_large_image\" \/>\n<meta name=\"twitter:label1\" content=\"Estimation du temps de lecture\" \/>\n\t<meta name=\"twitter:data1\" content=\"7 minutes\" \/>\n<script type=\"application\/ld+json\" class=\"yoast-schema-graph\">{\"@context\":\"https:\/\/schema.org\",\"@graph\":[{\"@type\":\"WebPage\",\"@id\":\"https:\/\/laflesche.com\/fr\/usinage-cnc\/\",\"url\":\"https:\/\/laflesche.com\/fr\/usinage-cnc\/\",\"name\":\"Usinage CNC - LaFlesche\",\"isPartOf\":{\"@id\":\"https:\/\/laflesche.com\/fr\/#website\"},\"primaryImageOfPage\":{\"@id\":\"https:\/\/laflesche.com\/fr\/usinage-cnc\/#primaryimage\"},\"image\":{\"@id\":\"https:\/\/laflesche.com\/fr\/usinage-cnc\/#primaryimage\"},\"thumbnailUrl\":\"https:\/\/laflesche.com\/wp-content\/uploads\/2025\/05\/laflesche-cnc-machining-part-7.jpg\",\"datePublished\":\"2025-04-16T19:04:46+00:00\",\"dateModified\":\"2025-07-08T14:08:40+00:00\",\"description\":\"Chez LaFlesche, l'usinage CNC n'est pas un service isol\u00e9. Il fait partie d'un \u00e9cosyst\u00e8me de fabrication complet\",\"breadcrumb\":{\"@id\":\"https:\/\/laflesche.com\/fr\/usinage-cnc\/#breadcrumb\"},\"inLanguage\":\"fr-CA\",\"potentialAction\":[{\"@type\":\"ReadAction\",\"target\":[\"https:\/\/laflesche.com\/fr\/usinage-cnc\/\"]}]},{\"@type\":\"ImageObject\",\"inLanguage\":\"fr-CA\",\"@id\":\"https:\/\/laflesche.com\/fr\/usinage-cnc\/#primaryimage\",\"url\":\"https:\/\/laflesche.com\/wp-content\/uploads\/2025\/05\/laflesche-cnc-machining-part-7.jpg\",\"contentUrl\":\"https:\/\/laflesche.com\/wp-content\/uploads\/2025\/05\/laflesche-cnc-machining-part-7.jpg\",\"width\":1920,\"height\":1080},{\"@type\":\"BreadcrumbList\",\"@id\":\"https:\/\/laflesche.com\/fr\/usinage-cnc\/#breadcrumb\",\"itemListElement\":[{\"@type\":\"ListItem\",\"position\":1,\"name\":\"Home\",\"item\":\"https:\/\/laflesche.com\/fr\/\"},{\"@type\":\"ListItem\",\"position\":2,\"name\":\"Usinage CNC\"}]},{\"@type\":\"WebSite\",\"@id\":\"https:\/\/laflesche.com\/fr\/#website\",\"url\":\"https:\/\/laflesche.com\/fr\/\",\"name\":\"LaFlesche\",\"description\":\"LaFlesche\",\"potentialAction\":[{\"@type\":\"SearchAction\",\"target\":{\"@type\":\"EntryPoint\",\"urlTemplate\":\"https:\/\/laflesche.com\/fr\/?s={search_term_string}\"},\"query-input\":{\"@type\":\"PropertyValueSpecification\",\"valueRequired\":true,\"valueName\":\"search_term_string\"}}],\"inLanguage\":\"fr-CA\"}]}<\/script>\n<!-- \/ Yoast SEO plugin. -->","yoast_head_json":{"title":"Usinage CNC - LaFlesche","description":"Chez LaFlesche, l'usinage CNC n'est pas un service isol\u00e9. Il fait partie d'un \u00e9cosyst\u00e8me de fabrication complet","robots":{"index":"index","follow":"follow","max-snippet":"max-snippet:-1","max-image-preview":"max-image-preview:large","max-video-preview":"max-video-preview:-1"},"canonical":"https:\/\/laflesche.com\/fr\/usinage-cnc\/","og_locale":"fr_CA","og_type":"article","og_title":"Usinage CNC - LaFlesche","og_description":"Chez LaFlesche, l'usinage CNC n'est pas un service isol\u00e9. Il fait partie d'un \u00e9cosyst\u00e8me de fabrication complet","og_url":"https:\/\/laflesche.com\/fr\/usinage-cnc\/","og_site_name":"LaFlesche","article_modified_time":"2025-07-08T14:08:40+00:00","og_image":[{"width":1920,"height":1080,"url":"https:\/\/laflesche.com\/wp-content\/uploads\/2025\/05\/laflesche-cnc-machining-part-7.jpg","type":"image\/jpeg"}],"twitter_card":"summary_large_image","twitter_misc":{"Estimation du temps de lecture":"7 minutes"},"schema":{"@context":"https:\/\/schema.org","@graph":[{"@type":"WebPage","@id":"https:\/\/laflesche.com\/fr\/usinage-cnc\/","url":"https:\/\/laflesche.com\/fr\/usinage-cnc\/","name":"Usinage CNC - LaFlesche","isPartOf":{"@id":"https:\/\/laflesche.com\/fr\/#website"},"primaryImageOfPage":{"@id":"https:\/\/laflesche.com\/fr\/usinage-cnc\/#primaryimage"},"image":{"@id":"https:\/\/laflesche.com\/fr\/usinage-cnc\/#primaryimage"},"thumbnailUrl":"https:\/\/laflesche.com\/wp-content\/uploads\/2025\/05\/laflesche-cnc-machining-part-7.jpg","datePublished":"2025-04-16T19:04:46+00:00","dateModified":"2025-07-08T14:08:40+00:00","description":"Chez LaFlesche, l'usinage CNC n'est pas un service isol\u00e9. Il fait partie d'un \u00e9cosyst\u00e8me de fabrication complet","breadcrumb":{"@id":"https:\/\/laflesche.com\/fr\/usinage-cnc\/#breadcrumb"},"inLanguage":"fr-CA","potentialAction":[{"@type":"ReadAction","target":["https:\/\/laflesche.com\/fr\/usinage-cnc\/"]}]},{"@type":"ImageObject","inLanguage":"fr-CA","@id":"https:\/\/laflesche.com\/fr\/usinage-cnc\/#primaryimage","url":"https:\/\/laflesche.com\/wp-content\/uploads\/2025\/05\/laflesche-cnc-machining-part-7.jpg","contentUrl":"https:\/\/laflesche.com\/wp-content\/uploads\/2025\/05\/laflesche-cnc-machining-part-7.jpg","width":1920,"height":1080},{"@type":"BreadcrumbList","@id":"https:\/\/laflesche.com\/fr\/usinage-cnc\/#breadcrumb","itemListElement":[{"@type":"ListItem","position":1,"name":"Home","item":"https:\/\/laflesche.com\/fr\/"},{"@type":"ListItem","position":2,"name":"Usinage CNC"}]},{"@type":"WebSite","@id":"https:\/\/laflesche.com\/fr\/#website","url":"https:\/\/laflesche.com\/fr\/","name":"LaFlesche","description":"LaFlesche","potentialAction":[{"@type":"SearchAction","target":{"@type":"EntryPoint","urlTemplate":"https:\/\/laflesche.com\/fr\/?s={search_term_string}"},"query-input":{"@type":"PropertyValueSpecification","valueRequired":true,"valueName":"search_term_string"}}],"inLanguage":"fr-CA"}]}},"_links":{"self":[{"href":"https:\/\/laflesche.com\/fr\/wp-json\/wp\/v2\/pages\/1106","targetHints":{"allow":["GET"]}}],"collection":[{"href":"https:\/\/laflesche.com\/fr\/wp-json\/wp\/v2\/pages"}],"about":[{"href":"https:\/\/laflesche.com\/fr\/wp-json\/wp\/v2\/types\/page"}],"author":[{"embeddable":true,"href":"https:\/\/laflesche.com\/fr\/wp-json\/wp\/v2\/users\/1"}],"replies":[{"embeddable":true,"href":"https:\/\/laflesche.com\/fr\/wp-json\/wp\/v2\/comments?post=1106"}],"version-history":[{"count":26,"href":"https:\/\/laflesche.com\/fr\/wp-json\/wp\/v2\/pages\/1106\/revisions"}],"predecessor-version":[{"id":1938,"href":"https:\/\/laflesche.com\/fr\/wp-json\/wp\/v2\/pages\/1106\/revisions\/1938"}],"wp:featuredmedia":[{"embeddable":true,"href":"https:\/\/laflesche.com\/fr\/wp-json\/wp\/v2\/media\/1510"}],"wp:attachment":[{"href":"https:\/\/laflesche.com\/fr\/wp-json\/wp\/v2\/media?parent=1106"}],"curies":[{"name":"wp","href":"https:\/\/api.w.org\/{rel}","templated":true}]}}